{"id":336,"date":"2021-11-21T17:04:39","date_gmt":"2021-11-21T16:04:39","guid":{"rendered":"http:\/\/www.odw-relais-group.de\/index.php\/login-2\/"},"modified":"2021-11-21T17:04:39","modified_gmt":"2021-11-21T16:04:39","slug":"login-2","status":"publish","type":"page","link":"http:\/\/www.odw-relais-group.de\/index.php\/login-2\/","title":{"rendered":"Login"},"content":{"rendered":"<div class=\"login\" id=\"wpuf-login-form\">\n\n    <p class=\"message register\">Willkommen bei {Sitename}. Diese Website ist nur f\u00fcr zugelassene Benutzer zug\u00e4nglich. Um zugelassen zu werden, musst du dich zuerst registrieren.<\/p>\n\n    \n    <form name=\"loginform\" class=\"wpuf-login-form\" id=\"loginform\" action=\"http:\/\/www.odw-relais-group.de\/index.php\/login-2\/\" method=\"post\">\n        <p>\n            <label for=\"wpuf-user_login\">Benutzername oder E-Mail-Adresse<\/label>\n            <input type=\"text\" name=\"log\" id=\"wpuf-user_login\" class=\"input\" value=\"\" size=\"20\" \/>\n        <\/p>\n        <p>\n            <label for=\"wpuf-user_pass\">Passwort<\/label>\n            <input type=\"password\" name=\"pwd\" id=\"wpuf-user_pass\" class=\"input\" value=\"\" size=\"20\" \/>\n        <\/p>\n\n                \n        \n        <p class=\"forgetmenot wpuf-remember-forgot-wrapper\">\n            <span class=\"wpuf-remember-me\">\n                <input name=\"rememberme\" type=\"checkbox\" id=\"wpuf-rememberme\" value=\"forever\" \/>\n                <label for=\"wpuf-rememberme\">Angemeldet bleiben<\/label>\n            <\/span>\n            <span class=\"wpuf-lost-password\">\n                <a href=\"http:\/\/www.odw-relais-group.de\/forgot-password\/\">Passwort zur\u00fccksetzen<\/a>\n            <\/span>\n        <\/p>\n\n        <p class=\"submit\">\n            <input type=\"submit\" name=\"wp-submit\" id=\"wp-submit\" value=\"Anmelden\" \/>\n            <input type=\"hidden\" name=\"redirect_to\" value=\"http:\/\/www.odw-relais-group.de\/index.php\/blog\/\" \/>\n            <input type=\"hidden\" name=\"wpuf_login\" value=\"true\" \/>\n            <input type=\"hidden\" name=\"action\" value=\"login\" \/>\n            <input type=\"hidden\" id=\"wpuf-login-nonce\" name=\"wpuf-login-nonce\" value=\"1c5fc6cf5c\" \/><input type=\"hidden\" name=\"_wp_http_referer\" value=\"\/index.php\/wp-json\/wp\/v2\/pages\/336\" \/>        <\/p>\n        <p>\n                    <\/p>\n    <\/form>\n\n    <div class=\"wpuf-action-links\">\n        <span class=\"wpuf-register-text\">Don't have an account? <\/span><a href=\"http:\/\/www.odw-relais-group.de\/index.php\/user-reg\/\">Registrieren<\/a>    <\/div>\n<\/div>\n\n","protected":false},"excerpt":{"rendered":"","protected":false},"author":2,"featured_media":0,"parent":0,"menu_order":0,"comment_status":"closed","ping_status":"closed","template":"","meta":{"footnotes":""},"class_list":["post-336","page","type-page","status-publish","hentry"],"yoast_head":"<!-- This site is optimized with the Yoast SEO plugin v27.5 - https:\/\/yoast.com\/product\/yoast-seo-wordpress\/ -->\n<title>Login - Relais Gruppe Odenwald - \u00dcberwald<\/title>\n<meta name=\"robots\" content=\"index, follow, max-snippet:-1, max-image-preview:large, max-video-preview:-1\" \/>\n<link rel=\"canonical\" href=\"http:\/\/www.odw-relais-group.de\/index.php\/login-2\/\" \/>\n<meta property=\"og:locale\" content=\"de_DE\" \/>\n<meta property=\"og:type\" content=\"article\" \/>\n<meta property=\"og:title\" content=\"Login - Relais Gruppe Odenwald - \u00dcberwald\" \/>\n<meta property=\"og:url\" content=\"http:\/\/www.odw-relais-group.de\/index.php\/login-2\/\" \/>\n<meta property=\"og:site_name\" content=\"Relais Gruppe Odenwald - \u00dcberwald\" \/>\n<meta name=\"twitter:card\" content=\"summary_large_image\" \/>\n<script type=\"application\/ld+json\" class=\"yoast-schema-graph\">{\"@context\":\"https:\\\/\\\/schema.org\",\"@graph\":[{\"@type\":\"WebPage\",\"@id\":\"http:\\\/\\\/www.odw-relais-group.de\\\/index.php\\\/login-2\\\/\",\"url\":\"http:\\\/\\\/www.odw-relais-group.de\\\/index.php\\\/login-2\\\/\",\"name\":\"Login - Relais Gruppe Odenwald - \u00dcberwald\",\"isPartOf\":{\"@id\":\"http:\\\/\\\/www.odw-relais-group.de\\\/#website\"},\"datePublished\":\"2021-11-21T16:04:39+00:00\",\"breadcrumb\":{\"@id\":\"http:\\\/\\\/www.odw-relais-group.de\\\/index.php\\\/login-2\\\/#breadcrumb\"},\"inLanguage\":\"de\",\"potentialAction\":[{\"@type\":\"ReadAction\",\"target\":[\"http:\\\/\\\/www.odw-relais-group.de\\\/index.php\\\/login-2\\\/\"]}]},{\"@type\":\"BreadcrumbList\",\"@id\":\"http:\\\/\\\/www.odw-relais-group.de\\\/index.php\\\/login-2\\\/#breadcrumb\",\"itemListElement\":[{\"@type\":\"ListItem\",\"position\":1,\"name\":\"Startseite\",\"item\":\"http:\\\/\\\/www.odw-relais-group.de\\\/\"},{\"@type\":\"ListItem\",\"position\":2,\"name\":\"Login\"}]},{\"@type\":\"WebSite\",\"@id\":\"http:\\\/\\\/www.odw-relais-group.de\\\/#website\",\"url\":\"http:\\\/\\\/www.odw-relais-group.de\\\/\",\"name\":\"Relais Gruppe Odenwald - \u00dcberwald\",\"description\":\"Digitale Gr\u00fc\u00dfe aus dem Odenwald \u00fcber DB0LIN - DB0GU - DB0WMB\",\"publisher\":{\"@id\":\"http:\\\/\\\/www.odw-relais-group.de\\\/#organization\"},\"potentialAction\":[{\"@type\":\"SearchAction\",\"target\":{\"@type\":\"EntryPoint\",\"urlTemplate\":\"http:\\\/\\\/www.odw-relais-group.de\\\/?s={search_term_string}\"},\"query-input\":{\"@type\":\"PropertyValueSpecification\",\"valueRequired\":true,\"valueName\":\"search_term_string\"}}],\"inLanguage\":\"de\"},{\"@type\":\"Organization\",\"@id\":\"http:\\\/\\\/www.odw-relais-group.de\\\/#organization\",\"name\":\"ODW Relais Group\",\"url\":\"http:\\\/\\\/www.odw-relais-group.de\\\/\",\"logo\":{\"@type\":\"ImageObject\",\"inLanguage\":\"de\",\"@id\":\"http:\\\/\\\/www.odw-relais-group.de\\\/#\\\/schema\\\/logo\\\/image\\\/\",\"url\":\"http:\\\/\\\/www.odw-relais-group.de\\\/wp-content\\\/uploads\\\/2021\\\/10\\\/favicon.png\",\"contentUrl\":\"http:\\\/\\\/www.odw-relais-group.de\\\/wp-content\\\/uploads\\\/2021\\\/10\\\/favicon.png\",\"width\":348,\"height\":348,\"caption\":\"ODW Relais Group\"},\"image\":{\"@id\":\"http:\\\/\\\/www.odw-relais-group.de\\\/#\\\/schema\\\/logo\\\/image\\\/\"}}]}<\/script>\n<!-- \/ Yoast SEO plugin. -->","yoast_head_json":{"title":"Login - Relais Gruppe Odenwald - \u00dcberwald","robots":{"index":"index","follow":"follow","max-snippet":"max-snippet:-1","max-image-preview":"max-image-preview:large","max-video-preview":"max-video-preview:-1"},"canonical":"http:\/\/www.odw-relais-group.de\/index.php\/login-2\/","og_locale":"de_DE","og_type":"article","og_title":"Login - Relais Gruppe Odenwald - \u00dcberwald","og_url":"http:\/\/www.odw-relais-group.de\/index.php\/login-2\/","og_site_name":"Relais Gruppe Odenwald - \u00dcberwald","twitter_card":"summary_large_image","schema":{"@context":"https:\/\/schema.org","@graph":[{"@type":"WebPage","@id":"http:\/\/www.odw-relais-group.de\/index.php\/login-2\/","url":"http:\/\/www.odw-relais-group.de\/index.php\/login-2\/","name":"Login - Relais Gruppe Odenwald - \u00dcberwald","isPartOf":{"@id":"http:\/\/www.odw-relais-group.de\/#website"},"datePublished":"2021-11-21T16:04:39+00:00","breadcrumb":{"@id":"http:\/\/www.odw-relais-group.de\/index.php\/login-2\/#breadcrumb"},"inLanguage":"de","potentialAction":[{"@type":"ReadAction","target":["http:\/\/www.odw-relais-group.de\/index.php\/login-2\/"]}]},{"@type":"BreadcrumbList","@id":"http:\/\/www.odw-relais-group.de\/index.php\/login-2\/#breadcrumb","itemListElement":[{"@type":"ListItem","position":1,"name":"Startseite","item":"http:\/\/www.odw-relais-group.de\/"},{"@type":"ListItem","position":2,"name":"Login"}]},{"@type":"WebSite","@id":"http:\/\/www.odw-relais-group.de\/#website","url":"http:\/\/www.odw-relais-group.de\/","name":"Relais Gruppe Odenwald - \u00dcberwald","description":"Digitale Gr\u00fc\u00dfe aus dem Odenwald \u00fcber DB0LIN - DB0GU - DB0WMB","publisher":{"@id":"http:\/\/www.odw-relais-group.de\/#organization"},"potentialAction":[{"@type":"SearchAction","target":{"@type":"EntryPoint","urlTemplate":"http:\/\/www.odw-relais-group.de\/?s={search_term_string}"},"query-input":{"@type":"PropertyValueSpecification","valueRequired":true,"valueName":"search_term_string"}}],"inLanguage":"de"},{"@type":"Organization","@id":"http:\/\/www.odw-relais-group.de\/#organization","name":"ODW Relais Group","url":"http:\/\/www.odw-relais-group.de\/","logo":{"@type":"ImageObject","inLanguage":"de","@id":"http:\/\/www.odw-relais-group.de\/#\/schema\/logo\/image\/","url":"http:\/\/www.odw-relais-group.de\/wp-content\/uploads\/2021\/10\/favicon.png","contentUrl":"http:\/\/www.odw-relais-group.de\/wp-content\/uploads\/2021\/10\/favicon.png","width":348,"height":348,"caption":"ODW Relais Group"},"image":{"@id":"http:\/\/www.odw-relais-group.de\/#\/schema\/logo\/image\/"}}]}},"_links":{"self":[{"href":"http:\/\/www.odw-relais-group.de\/index.php\/wp-json\/wp\/v2\/pages\/336","targetHints":{"allow":["GET"]}}],"collection":[{"href":"http:\/\/www.odw-relais-group.de\/index.php\/wp-json\/wp\/v2\/pages"}],"about":[{"href":"http:\/\/www.odw-relais-group.de\/index.php\/wp-json\/wp\/v2\/types\/page"}],"author":[{"embeddable":true,"href":"http:\/\/www.odw-relais-group.de\/index.php\/wp-json\/wp\/v2\/users\/2"}],"replies":[{"embeddable":true,"href":"http:\/\/www.odw-relais-group.de\/index.php\/wp-json\/wp\/v2\/comments?post=336"}],"version-history":[{"count":0,"href":"http:\/\/www.odw-relais-group.de\/index.php\/wp-json\/wp\/v2\/pages\/336\/revisions"}],"wp:attachment":[{"href":"http:\/\/www.odw-relais-group.de\/index.php\/wp-json\/wp\/v2\/media?parent=336"}],"curies":[{"name":"wp","href":"https:\/\/api.w.org\/{rel}","templated":true}]}}